{"id":35743,"date":"2025-02-07T06:40:31","date_gmt":"2025-02-07T06:40:31","guid":{"rendered":"https:\/\/kasima.lt\/produktas\/atlas-1604-prietaisu-skydelis-su-mikroschema\/"},"modified":"2025-10-29T08:33:32","modified_gmt":"2025-10-29T08:33:32","slug":"atlas-1604-prietaisu-skydelis-su-mikroschema","status":"publish","type":"product","link":"https:\/\/kasima3.bcapps.lt\/ru\/produktas\/atlas-1604-prietaisu-skydelis-su-mikroschema\/","title":{"rendered":"Atlas 1604 prietais\u0173 skydelis su mikroschema"},"content":{"rendered":"<p>\u0160is naudotas, bet visi\u0161kai veikiantis prietais\u0173 skydelis su integruota mikroschema u\u017etikrina tinkam\u0105 ekskavatoriaus pagrindini\u0173 funkcij\u0173 steb\u0117sen\u0105 ir valdym\u0105.<br \/>\nRodo variklio veikim\u0105 ir sistemos \u012fsp\u0117jimus<br \/>\nSkai\u010diai ant prietais\u0173 skydelio ir mikroschemos:<br \/>\n98020942<br \/>\n220302615<br \/>\n4733871<br \/>\n172769<\/p>\n","protected":false},"excerpt":{"rendered":"<p>Kaina be PVM<br \/>\n<br \/>\nGamintojas: ATLAS<br \/>\nModelis: AT16040053<br \/>\nSkambinkite: <a href=\"tel:+37060842988\">+37060842988<\/a><br \/>\nRa\u0161ykite: <a href=\"mailto:usedparts@kasima3.bcapps.lt\">usedparts@kasima3.bcapps.lt<\/a><\/p>\n","protected":false},"featured_media":35724,"template":"","meta":{"_et_pb_use_builder":"","_et_pb_old_content":"","_et_gb_content_width":""},"product_brand":[],"product_cat":[483,488,317,453],"product_tag":[],"class_list":{"0":"post-35743","1":"product","2":"type-product","3":"status-publish","4":"has-post-thumbnail","6":"product_cat-483","7":"product_cat-488","8":"product_cat-317","9":"product_cat-453","11":"first","12":"instock","13":"taxable","14":"shipping-taxable","15":"purchasable","16":"product-type-simple"},"_links":{"self":[{"href":"https:\/\/kasima3.bcapps.lt\/ru\/wp-json\/wp\/v2\/product\/35743","targetHints":{"allow":["GET"]}}],"collection":[{"href":"https:\/\/kasima3.bcapps.lt\/ru\/wp-json\/wp\/v2\/product"}],"about":[{"href":"https:\/\/kasima3.bcapps.lt\/ru\/wp-json\/wp\/v2\/types\/product"}],"wp:featuredmedia":[{"embeddable":true,"href":"https:\/\/kasima3.bcapps.lt\/ru\/wp-json\/wp\/v2\/media\/35724"}],"wp:attachment":[{"href":"https:\/\/kasima3.bcapps.lt\/ru\/wp-json\/wp\/v2\/media?parent=35743"}],"wp:term":[{"taxonomy":"product_brand","embeddable":true,"href":"https:\/\/kasima3.bcapps.lt\/ru\/wp-json\/wp\/v2\/product_brand?post=35743"},{"taxonomy":"product_cat","embeddable":true,"href":"https:\/\/kasima3.bcapps.lt\/ru\/wp-json\/wp\/v2\/product_cat?post=35743"},{"taxonomy":"product_tag","embeddable":true,"href":"https:\/\/kasima3.bcapps.lt\/ru\/wp-json\/wp\/v2\/product_tag?post=35743"}],"curies":[{"name":"wp","href":"https:\/\/api.w.org\/{rel}","templated":true}]}}