{"id":40353,"date":"2025-03-18T12:22:22","date_gmt":"2025-03-18T12:22:22","guid":{"rendered":"https:\/\/kasima.lt\/produktas\/hidraulines-betono-zirkles-mustang-rh16\/"},"modified":"2025-10-29T08:34:00","modified_gmt":"2025-10-29T08:34:00","slug":"hidraulines-betono-zirkles-mustang-rh16","status":"publish","type":"product","link":"https:\/\/kasima3.bcapps.lt\/ru\/produktas\/hidraulines-betono-zirkles-mustang-rh16\/","title":{"rendered":"\u0413\u0438\u0434\u0440\u0430\u0432\u043b\u0438\u0447\u0435\u0441\u043a\u0438\u0435 \u043d\u043e\u0436\u043d\u0438\u0446\u044b \u0434\u043b\u044f \u0431\u0435\u0442\u043e\u043d\u0430 Mustang RH 16"},"content":{"rendered":"<p>\u0413\u0438\u0434\u0440\u0430\u0432\u043b\u0438\u0447\u0435\u0441\u043a\u0438\u0435 \u043d\u043e\u0436\u043d\u0438\u0446\u044b \u0434\u043b\u044f \u0431\u0435\u0442\u043e\u043d\u0430 \u0434\u043b\u044f \u044d\u043a\u0441\u043a\u0430\u0432\u0430\u0442\u043e\u0440\u0430 Mustang RH 16<\/p>\n<p>Mustang RH 16 &#8212; \u044d\u0442\u043e \u043c\u043e\u0449\u043d\u044b\u0435 \u0438 \u043d\u0430\u0434\u0435\u0436\u043d\u044b\u0435 \u043d\u043e\u0436\u043d\u0438\u0446\u044b \u043f\u043e \u0431\u0435\u0442\u043e\u043d\u0443 \u0434\u043b\u044f \u043f\u0440\u043e\u0444\u0435\u0441\u0441\u0438\u043e\u043d\u0430\u043b\u044c\u043d\u044b\u0445 \u0440\u0430\u0431\u043e\u0442 \u043f\u043e \u0441\u043d\u043e\u0441\u0443 \u0437\u0434\u0430\u043d\u0438\u0439. \u0411\u043b\u0430\u0433\u043e\u0434\u0430\u0440\u044f \u0443\u0441\u043e\u0432\u0435\u0440\u0448\u0435\u043d\u0441\u0442\u0432\u043e\u0432\u0430\u043d\u043d\u043e\u0439 \u0433\u0438\u0434\u0440\u0430\u0432\u043b\u0438\u0447\u0435\u0441\u043a\u043e\u0439 \u0441\u0438\u0441\u0442\u0435\u043c\u0435 \u0438 \u0432\u044b\u0441\u043e\u043a\u043e\u043a\u0430\u0447\u0435\u0441\u0442\u0432\u0435\u043d\u043d\u043e\u0439 \u0441\u0442\u0430\u043b\u044c\u043d\u043e\u0439 \u043a\u043e\u043d\u0441\u0442\u0440\u0443\u043a\u0446\u0438\u0438 \u044d\u0442\u0438 \u043d\u043e\u0436\u043d\u0438\u0446\u044b \u043e\u0431\u0435\u0441\u043f\u0435\u0447\u0438\u0432\u0430\u044e\u0442 \u0432\u044b\u0441\u043e\u043a\u0443\u044e \u043f\u0440\u043e\u0438\u0437\u0432\u043e\u0434\u0438\u0442\u0435\u043b\u044c\u043d\u043e\u0441\u0442\u044c \u0438 \u0434\u043e\u043b\u0433\u043e\u0432\u0435\u0447\u043d\u043e\u0441\u0442\u044c \u0434\u0430\u0436\u0435 \u043f\u0440\u0438 \u0432\u044b\u043f\u043e\u043b\u043d\u0435\u043d\u0438\u0438 \u0441\u0430\u043c\u044b\u0445 \u0441\u043b\u043e\u0436\u043d\u044b\u0445 \u0437\u0430\u0434\u0430\u0447. <\/p>\n<p>\u041a\u043b\u044e\u0447\u0435\u0432\u044b\u0435 \u043e\u0441\u043e\u0431\u0435\u043d\u043d\u043e\u0441\u0442\u0438:<br \/>\n\u041f\u0440\u043e\u0447\u043d\u0430\u044f \u043a\u043e\u043d\u0441\u0442\u0440\u0443\u043a\u0446\u0438\u044f &#8212; \u0438\u0437\u0433\u043e\u0442\u043e\u0432\u043b\u0435\u043d\u0430 \u0438\u0437 \u0432\u044b\u0441\u043e\u043a\u043e\u043a\u0430\u0447\u0435\u0441\u0442\u0432\u0435\u043d\u043d\u044b\u0445 \u043c\u0430\u0442\u0435\u0440\u0438\u0430\u043b\u043e\u0432 \u0434\u043b\u044f \u0434\u043e\u043b\u0433\u043e\u0432\u0435\u0447\u043d\u043e\u0441\u0442\u0438.<br \/>\n\u0412\u044b\u0441\u043e\u043a\u043e\u0435 \u0443\u0441\u0438\u043b\u0438\u0435 \u043d\u0430 \u043d\u043e\u0436\u043d\u0438\u0446\u0430\u0445 &#8212; \u044d\u0444\u0444\u0435\u043a\u0442\u0438\u0432\u043d\u043e \u0440\u0435\u0436\u0435\u0442 \u0431\u0435\u0442\u043e\u043d, \u0430\u0440\u043c\u0430\u0442\u0443\u0440\u0443 \u0438 \u0434\u0440\u0443\u0433\u0438\u0435 \u043f\u0440\u043e\u0447\u043d\u044b\u0435 \u043c\u0430\u0442\u0435\u0440\u0438\u0430\u043b\u044b.<br \/>\n\u041a\u043e\u043c\u043f\u0430\u043a\u0442\u043d\u0430\u044f \u043a\u043e\u043d\u0441\u0442\u0440\u0443\u043a\u0446\u0438\u044f &#8212; \u043f\u043e\u0437\u0432\u043e\u043b\u044f\u0435\u0442 \u0440\u0430\u0431\u043e\u0442\u0430\u0442\u044c \u0432 \u043e\u0433\u0440\u0430\u043d\u0438\u0447\u0435\u043d\u043d\u043e\u043c \u043f\u0440\u043e\u0441\u0442\u0440\u0430\u043d\u0441\u0442\u0432\u0435.<br \/>\n\u042d\u0444\u0444\u0435\u043a\u0442\u0438\u0432\u043d\u043e\u0435 \u0433\u0438\u0434\u0440\u0430\u0432\u043b\u0438\u0447\u0435\u0441\u043a\u043e\u0435 \u0443\u043f\u0440\u0430\u0432\u043b\u0435\u043d\u0438\u0435 &#8212; \u043e\u0431\u0435\u0441\u043f\u0435\u0447\u0438\u0432\u0430\u0435\u0442 \u043f\u043b\u0430\u0432\u043d\u0443\u044e \u0438 \u0431\u044b\u0441\u0442\u0440\u0443\u044e \u0440\u0430\u0431\u043e\u0442\u0443.<br \/>\n\u041f\u043e\u0434\u0445\u043e\u0434\u0438\u0442 \u0434\u043b\u044f \u0448\u0438\u0440\u043e\u043a\u043e\u0433\u043e \u0441\u043f\u0435\u043a\u0442\u0440\u0430 \u043c\u0430\u0448\u0438\u043d &#8212; \u043c\u043e\u0436\u0435\u0442 \u0443\u0441\u0442\u0430\u043d\u0430\u0432\u043b\u0438\u0432\u0430\u0442\u044c\u0441\u044f \u043d\u0430 \u044d\u043a\u0441\u043a\u0430\u0432\u0430\u0442\u043e\u0440\u044b \u0438 \u0434\u0440\u0443\u0433\u043e\u0435 \u043e\u0431\u043e\u0440\u0443\u0434\u043e\u0432\u0430\u043d\u0438\u0435 \u0434\u043b\u044f \u0440\u0430\u0437\u0440\u0443\u0448\u0435\u043d\u0438\u044f.<\/p>\n<p>Mustang RH 16 &#8212; \u044d\u0442\u043e \u0432\u044b\u0431\u043e\u0440 \u043f\u0440\u043e\u0444\u0435\u0441\u0441\u0438\u043e\u043d\u0430\u043b\u043e\u0432, \u043e\u0431\u0435\u0441\u043f\u0435\u0447\u0438\u0432\u0430\u044e\u0449\u0438\u0439 \u043c\u0430\u043a\u0441\u0438\u043c\u0430\u043b\u044c\u043d\u0443\u044e \u044d\u0444\u0444\u0435\u043a\u0442\u0438\u0432\u043d\u043e\u0441\u0442\u044c \u0438 \u043d\u0430\u0434\u0435\u0436\u043d\u043e\u0441\u0442\u044c.<\/p>\n<p><iframe loading=\"lazy\" title=\"Betono hidraulin\u0117s \u017eirkl\u0117s Mustang RH 16\" width=\"1080\" height=\"608\" src=\"https:\/\/www.youtube.com\/embed\/8td6K6liUYI?feature=oembed\"  allow=\"accelerometer; autoplay; clipboard-write; encrypted-media; gyroscope; picture-in-picture; web-share\" referrerpolicy=\"strict-origin-when-cross-origin\" allowfullscreen><\/iframe><\/p>\n","protected":false},"excerpt":{"rendered":"<p>\u0426\u0435\u043d\u0430 \u0431\u0435\u0437 \u041d\u0414\u0421<\/p>\n<p>\u041f\u0440\u043e\u0438\u0437\u0432\u043e\u0434\u0438\u0442\u0435\u043b\u044c: Mustang<br \/>\n\u041c\u043e\u0434\u0435\u043b\u044c: RH16<br \/>\n\u0417\u0432\u043e\u043d\u0438\u0442\u0435:<a href=\"tel:+37067607071\"> +37067607071<br \/>\n<\/a>Email: <a href=\"mailto:sales@kasima3.bcapps.lt\">sales@kasima3.bcapps.lt<\/a><\/p>\n","protected":false},"featured_media":40288,"template":"","meta":{"_et_pb_use_builder":"","_et_pb_old_content":"","_et_gb_content_width":""},"product_brand":[],"product_cat":[138,170,230,122,240,192],"product_tag":[],"class_list":{"0":"post-40353","1":"product","2":"type-product","3":"status-publish","4":"has-post-thumbnail","6":"product_cat-10-13-","7":"product_cat-13-16-","8":"product_cat-16-20-","9":"product_cat-122","10":"product_cat-240","11":"product_cat-192","13":"first","14":"instock","15":"taxable","16":"shipping-taxable","17":"purchasable","18":"product-type-simple"},"_links":{"self":[{"href":"https:\/\/kasima3.bcapps.lt\/ru\/wp-json\/wp\/v2\/product\/40353","targetHints":{"allow":["GET"]}}],"collection":[{"href":"https:\/\/kasima3.bcapps.lt\/ru\/wp-json\/wp\/v2\/product"}],"about":[{"href":"https:\/\/kasima3.bcapps.lt\/ru\/wp-json\/wp\/v2\/types\/product"}],"wp:featuredmedia":[{"embeddable":true,"href":"https:\/\/kasima3.bcapps.lt\/ru\/wp-json\/wp\/v2\/media\/40288"}],"wp:attachment":[{"href":"https:\/\/kasima3.bcapps.lt\/ru\/wp-json\/wp\/v2\/media?parent=40353"}],"wp:term":[{"taxonomy":"product_brand","embeddable":true,"href":"https:\/\/kasima3.bcapps.lt\/ru\/wp-json\/wp\/v2\/product_brand?post=40353"},{"taxonomy":"product_cat","embeddable":true,"href":"https:\/\/kasima3.bcapps.lt\/ru\/wp-json\/wp\/v2\/product_cat?post=40353"},{"taxonomy":"product_tag","embeddable":true,"href":"https:\/\/kasima3.bcapps.lt\/ru\/wp-json\/wp\/v2\/product_tag?post=40353"}],"curies":[{"name":"wp","href":"https:\/\/api.w.org\/{rel}","templated":true}]}}